{"id":104,"date":"2019-06-11T09:58:48","date_gmt":"2019-06-11T08:58:48","guid":{"rendered":"https:\/\/oscarfouhome.wordpress.com\/?page_id=104"},"modified":"2024-09-19T12:59:16","modified_gmt":"2024-09-19T10:59:16","slug":"ecoutez-voir","status":"publish","type":"page","link":"https:\/\/oscarfou.com\/","title":{"rendered":"Oscar Fou"},"content":{"rendered":"\n<p class=\"has-small-font-size\"><strong>Antoine Compagnon <\/strong>: Guitares, chant, ch\u0153urs, contrebasse, ukul\u00e9l\u00e9, percussions.<br><strong>Jean-Louis Compagnon<\/strong> : Guitare, chant, ch\u0153urs, contrebasse, percussions.<br><strong>M\u00e9lanie Montaubin<\/strong> : Chant, ch\u0153urs, contrebasse, ukul\u00e9l\u00e9, percussions.<br><strong>Elodie Gendre<\/strong> : R\u00e9gie lumi\u00e8re et r\u00e9gie tourn\u00e9e &#8211; Production.<br><strong>Gr\u00e9gory Boutinon<\/strong> : R\u00e9gie son.<br><strong>Richard Sammut<\/strong> : Conseil artistique.<br><br><\/p>\n\n\n\n<p class=\"has-small-font-size\"><img loading=\"lazy\" decoding=\"async\" width=\"80\" height=\"61\" class=\"wp-image-183\" style=\"width: 80px;\" src=\"http:\/\/oscarfou.com\/wp-content\/uploads\/2019\/06\/pt.jpg\" alt=\"\"><br><strong>OSCAR FOU<\/strong> s\u2019int\u00e9resse d\u2019une mani\u00e8re g\u00e9n\u00e9rale aux exp\u00e9riences de vie qui permettent aux enfants de grandir peu \u00e0 peu. Des th\u00e9matiques qui font r\u00eaver les enfants et les amusent, mais aussi qui les questionnent.<br>Nos textes s\u2019articulent autour de th\u00e9matiques pr\u00e9cis\u00e9ment choisies dans le monde de l\u2019enfance et s\u2019appuient sur des sujets qui parlent directement aux enfants.<br>Un r\u00e9pertoire visant un \u00e9quilibre entre po\u00e9sie et humour qui donne l\u2019occasion de parler de sujets s\u00e9rieux (les diff\u00e9rences physiques &#8211; les rapports parents\/enfants &#8211; le droit \u00e0 la r\u00eaverie &#8211; la peur d\u2019aimer et d\u2019avouer son amour &#8211; l\u2019\u00e9cologie\u2026) et de sujets plus l\u00e9gers (l\u2019horreur des l\u00e9gumes verts &#8211; les innombrables b\u00eatises possibles &#8211; le fantasme d\u2019\u00eatre le dernier pirate\u2026).<br>Provocation, tendresse, humour, complicit\u00e9 restent les ma\u00eetres-mots d&rsquo;Oscar Fou.<\/p>\n\n\n\n<p class=\"has-small-font-size\">En ce qui concerne le travail des morceaux, nous partons des textes, de ce qu\u2019ils portent en eux de musicalit\u00e9 et de couleurs. Nous recherchons un \u00e9quilibre qui a sa part de joie, de po\u00e9sie et de dr\u00f4lerie, allant de la douceur en passant par l\u2019\u00e9trange, sans oublier la f\u00eate.<\/p>\n","protected":false},"excerpt":{"rendered":"<p>Antoine Compagnon : Guitares, chant, ch\u0153urs, contrebasse, ukul\u00e9l\u00e9, percussions.Jean-Louis Compagnon : Guitare, chant, ch\u0153urs, contrebasse, percussions.M\u00e9lanie Montaubin : Chant, ch\u0153urs, contrebasse, ukul\u00e9l\u00e9, percussions.Elodie Gendre : R\u00e9gie lumi\u00e8re et r\u00e9gie tourn\u00e9e &#8211; Production.Gr\u00e9gory Boutinon : R\u00e9gie son.Richard Sammut : Conseil artistique. OSCAR FOU s\u2019int\u00e9resse d\u2019une mani\u00e8re g\u00e9n\u00e9rale aux exp\u00e9riences de vie qui permettent aux enfants de &hellip; <\/p>\n<p class=\"link-more\"><a href=\"https:\/\/oscarfou.com\/\" class=\"more-link\">Continuer la lecture<span class=\"screen-reader-text\"> de &laquo;&nbsp;Oscar Fou&nbsp;&raquo;<\/span><\/a><\/p>\n","protected":false},"author":2,"featured_media":0,"parent":0,"menu_order":0,"comment_status":"closed","ping_status":"closed","template":"","meta":{"footnotes":""},"class_list":["post-104","page","type-page","status-publish","hentry"],"_links":{"self":[{"href":"https:\/\/oscarfou.com\/index.php?rest_route=\/wp\/v2\/pages\/104","targetHints":{"allow":["GET"]}}],"collection":[{"href":"https:\/\/oscarfou.com\/index.php?rest_route=\/wp\/v2\/pages"}],"about":[{"href":"https:\/\/oscarfou.com\/index.php?rest_route=\/wp\/v2\/types\/page"}],"author":[{"embeddable":true,"href":"https:\/\/oscarfou.com\/index.php?rest_route=\/wp\/v2\/users\/2"}],"replies":[{"embeddable":true,"href":"https:\/\/oscarfou.com\/index.php?rest_route=%2Fwp%2Fv2%2Fcomments&post=104"}],"version-history":[{"count":90,"href":"https:\/\/oscarfou.com\/index.php?rest_route=\/wp\/v2\/pages\/104\/revisions"}],"predecessor-version":[{"id":1163,"href":"https:\/\/oscarfou.com\/index.php?rest_route=\/wp\/v2\/pages\/104\/revisions\/1163"}],"wp:attachment":[{"href":"https:\/\/oscarfou.com\/index.php?rest_route=%2Fwp%2Fv2%2Fmedia&parent=104"}],"curies":[{"name":"wp","href":"https:\/\/api.w.org\/{rel}","templated":true}]}}