{"id":291,"date":"2019-07-04T11:35:00","date_gmt":"2019-07-04T09:35:00","guid":{"rendered":"http:\/\/oscarfou.com\/?page_id=291"},"modified":"2024-09-19T13:08:49","modified_gmt":"2024-09-19T11:08:49","slug":"lalbum","status":"publish","type":"page","link":"https:\/\/oscarfou.com\/?page_id=291","title":{"rendered":"Les albums"},"content":{"rendered":"\n<p class=\"has-small-font-size\"><img loading=\"lazy\" decoding=\"async\" width=\"80\" height=\"61\" class=\"wp-image-183\" style=\"width: 80px;\" src=\"http:\/\/oscarfou.com\/wp-content\/uploads\/2019\/06\/pt.jpg\" alt=\"\"><br><\/p>\n\n\n\n<figure class=\"wp-block-image size-large is-resized\"><img loading=\"lazy\" decoding=\"async\" src=\"http:\/\/oscarfou.com\/wp-content\/uploads\/2024\/02\/DIGI-copie-2-1024x926.jpg\" alt=\"\" class=\"wp-image-1131\" width=\"256\" height=\"232\" srcset=\"https:\/\/oscarfou.com\/wp-content\/uploads\/2024\/02\/DIGI-copie-2-1024x926.jpg 1024w, https:\/\/oscarfou.com\/wp-content\/uploads\/2024\/02\/DIGI-copie-2-300x271.jpg 300w, https:\/\/oscarfou.com\/wp-content\/uploads\/2024\/02\/DIGI-copie-2-768x695.jpg 768w, https:\/\/oscarfou.com\/wp-content\/uploads\/2024\/02\/DIGI-copie-2-1536x1390.jpg 1536w, https:\/\/oscarfou.com\/wp-content\/uploads\/2024\/02\/DIGI-copie-2.jpg 1678w\" sizes=\"auto, (max-width: 256px) 100vw, 256px\" \/><\/figure>\n\n\n\n<p class=\"has-small-font-size\"><strong>La grande Ourse &#8211; 2023 &#8211; Label : M\u00e9lodinote<\/strong><br>Textes et illustrations inclus<br><br>Pour vous procurer cet album (15\u20ac)  :<br><br><a rel=\"noreferrer noopener\" href=\"https:\/\/melodinoteproduction.bandcamp.com\/album\/la-grande-ourse\" target=\"_blank\">Cliquez ici pour acc\u00e9der \u00e0 la boutique Bandcamp<strong>&#8230;<\/strong><\/a><\/p>\n\n\n\n<p class=\"has-small-font-size\"><a rel=\"noreferrer noopener\" href=\"https:\/\/cdetvinyle.fr\/products\/grande-ourse-oscar-fou-album-cd?_pos=1&amp;_psq=oscar+fou&amp;_ss=e&amp;_v=1.0\" target=\"_blank\">Cliquez ici pour acc\u00e9der \u00e0 la boutique du distributeur InOu\u00efe&#8230;<\/a><br><br><a rel=\"noreferrer noopener\" href=\"http:\/\/oscarfou.com\/wp-content\/uploads\/2024\/01\/Revue-presse-Oscar-Fou-La-grande-Ourse-3.pdf\" target=\"_blank\">Cliquez ici pour voir la revue de presse<\/a><\/p>\n\n\n\n<p style=\"font-size:12px\"><\/p>\n\n\n\n<p class=\"has-small-font-size\"><br><img loading=\"lazy\" decoding=\"async\" width=\"80\" height=\"61\" class=\"wp-image-183\" style=\"width: 80px;\" src=\"http:\/\/oscarfou.com\/wp-content\/uploads\/2019\/06\/pt.jpg\" alt=\"\"><br><br><\/p>\n\n\n\n<figure class=\"wp-block-image size-large is-resized\"><img loading=\"lazy\" decoding=\"async\" src=\"http:\/\/oscarfou.com\/wp-content\/uploads\/2024\/02\/visuel-OF-copie-1024x1024.jpg\" alt=\"\" class=\"wp-image-1132\" width=\"256\" height=\"256\" srcset=\"https:\/\/oscarfou.com\/wp-content\/uploads\/2024\/02\/visuel-OF-copie-1024x1024.jpg 1024w, https:\/\/oscarfou.com\/wp-content\/uploads\/2024\/02\/visuel-OF-copie-300x300.jpg 300w, https:\/\/oscarfou.com\/wp-content\/uploads\/2024\/02\/visuel-OF-copie-150x150.jpg 150w, https:\/\/oscarfou.com\/wp-content\/uploads\/2024\/02\/visuel-OF-copie-768x768.jpg 768w, https:\/\/oscarfou.com\/wp-content\/uploads\/2024\/02\/visuel-OF-copie-100x100.jpg 100w, https:\/\/oscarfou.com\/wp-content\/uploads\/2024\/02\/visuel-OF-copie.jpg 1500w\" sizes=\"auto, (max-width: 256px) 100vw, 256px\" \/><\/figure>\n\n\n\n<p class=\"has-small-font-size\"><strong>Chansons pour petites et grandes oreilles &#8211; 2019<\/strong><br><br>Pour vous procurer cet album  : Vous pouvez nous contacter par mail :<a href=\"contact@oscarfou.com\"> contact@oscarfou.com<\/a> <br>12\u20ac+port<br><\/p>\n\n\n\n<p><\/p>\n\n\n\n<p class=\"has-small-font-size\"><br><br><em>Les albums ont \u00e9t\u00e9 enregistr\u00e9s et mix\u00e9s par Gr\u00e9gory Boutinon <\/em><br><em><a rel=\"noreferrer noopener\" href=\"http:\/\/studiodelagraviere.com\/\" target=\"_blank\">http:\/\/studiodelagravier<\/a><\/em><a rel=\"noreferrer noopener\" href=\"http:\/\/studiodelagraviere.com\/\" target=\"_blank\">e.com<\/a><\/p>\n","protected":false},"excerpt":{"rendered":"<p>La grande Ourse &#8211; 2023 &#8211; Label : M\u00e9lodinoteTextes et illustrations inclus Pour vous procurer cet album (15\u20ac) : Cliquez ici pour acc\u00e9der \u00e0 la boutique Bandcamp&#8230; Cliquez ici pour acc\u00e9der \u00e0 la boutique du distributeur InOu\u00efe&#8230; Cliquez ici pour voir la revue de presse Chansons pour petites et grandes oreilles &#8211; 2019 Pour vous &hellip; <\/p>\n<p class=\"link-more\"><a href=\"https:\/\/oscarfou.com\/?page_id=291\" class=\"more-link\">Continuer la lecture<span class=\"screen-reader-text\"> de &laquo;&nbsp;Les albums&nbsp;&raquo;<\/span><\/a><\/p>\n","protected":false},"author":1,"featured_media":0,"parent":0,"menu_order":0,"comment_status":"closed","ping_status":"closed","template":"","meta":{"footnotes":""},"class_list":["post-291","page","type-page","status-publish","hentry"],"_links":{"self":[{"href":"https:\/\/oscarfou.com\/index.php?rest_route=\/wp\/v2\/pages\/291","targetHints":{"allow":["GET"]}}],"collection":[{"href":"https:\/\/oscarfou.com\/index.php?rest_route=\/wp\/v2\/pages"}],"about":[{"href":"https:\/\/oscarfou.com\/index.php?rest_route=\/wp\/v2\/types\/page"}],"author":[{"embeddable":true,"href":"https:\/\/oscarfou.com\/index.php?rest_route=\/wp\/v2\/users\/1"}],"replies":[{"embeddable":true,"href":"https:\/\/oscarfou.com\/index.php?rest_route=%2Fwp%2Fv2%2Fcomments&post=291"}],"version-history":[{"count":72,"href":"https:\/\/oscarfou.com\/index.php?rest_route=\/wp\/v2\/pages\/291\/revisions"}],"predecessor-version":[{"id":1168,"href":"https:\/\/oscarfou.com\/index.php?rest_route=\/wp\/v2\/pages\/291\/revisions\/1168"}],"wp:attachment":[{"href":"https:\/\/oscarfou.com\/index.php?rest_route=%2Fwp%2Fv2%2Fmedia&parent=291"}],"curies":[{"name":"wp","href":"https:\/\/api.w.org\/{rel}","templated":true}]}}