{"id":56,"date":"2019-06-10T14:53:57","date_gmt":"2019-06-10T13:53:57","guid":{"rendered":"https:\/\/oscarfouhome.wordpress.com\/?page_id=56"},"modified":"2026-04-02T16:29:14","modified_gmt":"2026-04-02T14:29:14","slug":"calendrier","status":"publish","type":"page","link":"https:\/\/oscarfou.com\/?page_id=56","title":{"rendered":"Calendrier"},"content":{"rendered":"\n<div class=\"wp-block-columns is-layout-flex wp-container-core-columns-is-layout-9d6595d7 wp-block-columns-is-layout-flex\">\n<div class=\"wp-block-column is-layout-flow wp-block-column-is-layout-flow\" style=\"flex-basis:100%\">\n<p><\/p>\n\n\n\n<p style=\"font-size:12px\"><br><strong>2026<\/strong><br><strong>21 f\u00e9vrier :<\/strong> \u00ab\u00a0La grande Ourse\u00a0\u00bb &#8211; festival \u00ab\u00a0Les Givr\u00e9s &#8211; Melle (79)<br><strong>12\/13 mars :<\/strong> \u00ab\u00a0La grande Ourse\u00a0\u00bb &#8211; Canet en Roussillon (66) en partenariat avec La Ligue de l&rsquo;Enseignement 66<br><strong>23 mai :<\/strong> \u00ab\u00a0La grande Ourse\u00a0\u00bb &#8211; Festival Dr\u00f4l&rsquo;Express &#8211; Azay le Br\u00fbl\u00e9 (79) <br><strong>12 juin :<\/strong> \u00ab\u00a0La grande Ourse\u00a0\u00bb &#8211; Festival A l&rsquo;Ouest &#8211; Poitiers (86)<br><strong>19 juin :<\/strong> \u00ab\u00a0La grande Ourse\u00a0\u00bb &#8211; Chazelles (16) <br><strong>20 juin : <\/strong>\u00ab\u00a0La grande Ourse\u00a0\u00bb &#8211; Angoul\u00eame (16)<br><strong>21 juin :<\/strong> \u00ab\u00a0La grande Ourse\u00a0\u00bb &#8211; Anch\u00e9 (86) \/\/ <em>option<\/em><br><strong>3 juillet :<\/strong> \u00ab\u00a0La grande Ourse\u00a0\u00bb &#8211; Saint Benoit (86)<br><strong>9 juillet : <\/strong>\u00ab\u00a0La grande Ourse\u00a0\u00bb &#8211; Laval (53) \/\/ <em>option<\/em><br><strong>12\/13 ao\u00fbt :<\/strong> \u00ab\u00a0La grande Ourse\u00a0\u00bb &#8211; Festival du Nombril du Monde &#8211; Pougne H\u00e9risson (79) <br><strong>28 ao\u00fbt : <\/strong>\u00ab\u00a0La grande Ourse\u00a0\u00bb &#8211; Ch\u00e2tellerault (86) &#8211; en ext\u00e9rieur<br><strong>19 septembre : <\/strong>\u00ab\u00a0La grande Ourse\u00a0\u00bb &#8211; Festival Sarbacane, Rochejean (25) \/\/ <em>option<\/em><br><strong>28\/29 octobre : <\/strong>\u00ab\u00a0La grande Ourse\u00a0\u00bb &#8211; Festival Chantons sous les p&rsquo;tits pins (40) \/\/ <em>option<\/em><br><strong>4 d\u00e9cembre : <\/strong>\u00ab\u00a0La grande Ourse\u00a0\u00bb &#8211; Ciboure (64) \/\/ <em>option<\/em><br><br><strong>2027<\/strong><br><strong>30 avril :<\/strong> \u00ab\u00a0La grande Ourse\u00a0\u00bb &#8211; Th\u00e9\u00e2tre La Dolce Vita &#8211; Andernos les Bains (33)<\/p>\n\n\n\n<p style=\"font-size:12px\"><br><em><strong>DATES PASS\u00c9ES <\/strong><\/em><br><br><strong>2025<\/strong><br>24 janvier : M\u00e9diath\u00e8que des Trois Cit\u00e9s, Poitiers &#8211; forme l\u00e9g\u00e8re<br>05 mars : L&rsquo;Agora, Jaunay-Marigny (86) <br>18 au 20 mars : Tourn\u00e9e avec la Ligue de l&rsquo;Enseignement 66<br>21 mars : Espace culturel le Chai, Capendu (11)<br>05 avril : Espace Qu\u00e9randeau, St Jean d&rsquo;Illac (33) &#8211; en ext\u00e9rieur<br>23 avril : M\u00e9diath\u00e8que de Laruns (64) &#8211; forme l\u00e9g\u00e8re<br>24 avril : M\u00e9diath\u00e8que de Mourenx (64) &#8211; forme l\u00e9g\u00e8re<br>9 mai : Festival Tous en Sc\u00e8ne, Germond Rouvre (79) <br>19 au 21 mai : Le Tivoli &#8211; Montargis (45)<br>22 mai : \u00ab\u00a0Festival \u00ab\u00a0Fay&rsquo;Stival\u00a0\u00bb &#8211; Fay aux Loges (45)<br>23\/24 mai : Festival jeune public d&rsquo;Aiffres (79) &#8211; en ext\u00e9rieur<br>28 juin : Festival \u00ab\u00a0Biard dans les Airs\u00a0\u00bb &#8211; Biard (86) &#8211; en ext\u00e9rieur<br>05 juillet : Juran\u00e7on (64) &#8211; en ext\u00e9rieur<br>15 juillet : Festival \u00ab\u00a0Rencontres Enchant\u00e9es\u00a0\u00bb &#8211; Saubrigues (40)<br>27 juillet : Le Nombril du Monde, Pougne-H\u00e9risson (79) &#8211; en ext\u00e9rieur<br>23 ao\u00fbt : Festival Montamusic, Montamis\u00e9 (86) &#8211; en ext\u00e9rieur<br>24 ao\u00fbt : Festival de Celles sur Belle (79) &#8211; en ext\u00e9rieur<br>4 au 7 novembre : Tourn\u00e9e avec la Ligue de l&rsquo;Enseignement 66 (Elne &#8211; Les Angles &#8211; Oss\u00e9ja)<br>13 d\u00e9cembre : Association Alepa &#8211; St Benoit (86)<br><strong>2024<\/strong><br>2 et 3 mai : La Canop\u00e9e, Ruffec (16) &#8211; Le 2 : 14h \/ le 3 : 14h et 20h<br>22 mai : Poitiers \/ \u00ab\u00a0Le Printemps des petits et grands\u00a0\u00bb (PDGD \/ Le M\u00e9ta)<br>24\/25 mai : Festival Le Mai du Th\u00e9\u00e2tre, Hendaye (64) &#8211; en ext\u00e9rieur<br>5 juin : Festival \u00ab\u00a0A port\u00e9e de voix\u00a0\u00bb, Nogent le Rotrou (28) &#8211; en ext\u00e9rieur<br>12 juillet : Festival Terres du son, Monts (37) &#8211; Sc\u00e8ne du village &#8211; en ext\u00e9rieur<br>26 octobre : Temps fort \u00ab\u00a0Aire de jeunesse\u00a0\u00bb, Sc\u00e8ne nationale de Ch\u00e2teau Gontier (53)<br>30 octobre : Programmation \u00ab\u00a0Emm\u00e8ne moi au spectacle\u00a0\u00bb &#8211; Chazelles (16)<br>24 au 26 novembre : Saison Brikabrak &#8211; Les Eyzies + Rouffignac (24)<br>11 d\u00e9cembre : M\u00e9diath\u00e8que d&rsquo;Ardentes (36) &#8211; forme l\u00e9g\u00e8re<br>13 d\u00e9cembre : Salle des f\u00eates de Sanxay (86)<br>21 d\u00e9cembre : Th\u00e9\u00e2tre Maule Baita, Maul\u00e9on-Licharre (64)<br><strong>2023<\/strong><br>&#8211; 28 Avril : test public de \u00ab\u00a0La grande Ourse\u00a0\u00bb \u00e0 La Pigouille \u00e0 Teurtous, Ar\u00e7ais (79) <br>&#8211; du 1er au 5 mai : R\u00e9sidence de cr\u00e9ation \u00ab\u00a0La grande Ourse\u00a0\u00bb (rue) \u00e0 Beaulieu &#8211; Poitiers 86<br>&#8211; du 9 au 12 mai : R\u00e9sidence de cr\u00e9ation \u00ab\u00a0La grande Ourse\u00a0\u00bb rue) \u00e0 Brioux sur Boutonne (79)<br>&#8211; 10 juin : Cr\u00e9ation \u00ab\u00a0La grande Ourse\u00a0\u00bb (version rue) &#8211; Festival A l&rsquo;Ouest, La Blaiserie &#8211; Poitiers<br>&#8211; 17 juin : \u00ab\u00a0La grande Ourse\u00a0\u00bb (version rue) &#8211; Romagne (86)<br>&#8211; 02 juillet : \u00ab\u00a0La grande Ourse\u00a0\u00bb (version rue) &#8211; Festival Au Village, Brioux sur Boutonne (79)<br>&#8211; septembre \u00e0 novembre 2023 : r\u00e9sidences de cr\u00e9ation \u00ab\u00a0La grande Ourse\u00a0\u00bb (version salle)<br>&#8211; 15 nov : Cr\u00e9ation \u00ab\u00a0La grande Ourse\u00a0\u00bb (version salle) &#8211; Les Soir\u00e9es de la Montgolfi\u00e8re Jeune public, La Blaiserie &#8211; Poitiers<br>&#8211; 29 nov : \u00ab\u00a0La grande Ourse\u00a0\u00bb &#8211; Espace F\u00e9lix Arnaudin, St Paul les Dax (40) \/ Programmation \u00ab\u00a0l&rsquo;Escale\u00a0\u00bb, r\u00e9seau 535<br>&#8211; 3 d\u00e9cembre : \u00ab\u00a0La grande Ourse\u00a0\u00bb &#8211; La Bigaille, Marennes (17)<br>&#8211; 4 et 5 d\u00e9cembre : \u00ab\u00a0La grande Ourse\u00a0\u00bb &#8211; L&rsquo;Eldorado, St Pierre d&rsquo;Ol\u00e9ron (17) <br>&#8211; 7 d\u00e9cembre : \u00ab\u00a0La grande Ourse\u00a0\u00bb &#8211; Le Moulin du Marais, Lezay (79)<br>&#8211; 11 au 13 d\u00e9cembre : \u00ab\u00a0La grande Ourse\u00a0\u00bb &#8211; MJC 21, Lussac les Ch\u00e2teaux (86) <br>&#8211; 20 d\u00e9cembre : La grande Ourse\u00a0\u00bb &#8211; St Flour (15)<br>&#8211; 27 d\u00e9cembre : \u00ab\u00a0La grande Ourse\u00a0\u00bb &#8211; Th\u00e9\u00e2tre Francis Plant\u00e9, Orthez (64)<\/p>\n<\/div>\n<\/div>\n\n\n\n<p style=\"font-size:12px\"><strong><em>Chansons pour petites et grandes oreilles<\/em><\/strong><br>Le premier spectacle d&rsquo; <strong>OSCAR FOU <\/strong>a \u00e9t\u00e9 cr\u00e9\u00e9 en septembre 2019 \u00e0 La Blaiserie, \u00e0 Poitiers. <br>Ce sont plus de 100 repr\u00e9sentations qui ont \u00e9t\u00e9 accueillies \u00e0 ce jour :<br>Saison jeune public \u00abLes petits devant, les grands derri\u00e8re\u00bb, Poitiers<br>Saison jeune public \u00abPlein les Mirettes\u00bb, Montargis (45)<br>Sc\u00e8ne conventionn\u00e9e C\u00f4t\u00e9 Cour, Besan\u00e7on (25)<br>La Maisons des 3 Quartiers, Poitiers<br>La Boulit\u2019, le r\u00e9seau des MJC du Sud Vienne (86)<br>Auditorium Sophie-Dessus, Uzerche (19)<br>Th\u00e9\u00e2tre La grange aux loups, Chauvigny (86)<br>CREA, St Georges de Didonne (17)<br>L\u2019Agora des M\u00f4mes, Metz (57)<br>Festival Quand on Conte, Nouaill\u00e9 Maupertuis (86)<br>Festival \u00abLe P\u2019tit Pim\u00bb, Saint Point (71)<br>Festival Brikabrak, Le Bugue (24)<br>Festival \u00abSur un petit nuage\u00bb, Pessac (33)<br>Festival Sarbacane, R\u00e9gion de Pontarlier (25)<br>Festival Entr\u2019acte, Couh\u00e9 (86)<br>Festival Toctoktoq, Poitiers<br>Festival Festi\u2019Champ, Champigny en Rochereau (86)<br>Rencontres professionnelles \u00abSpectacles en recommand\u00e9\u00bb 2021, Mende (48)<br>Le r\u00e9seau de la Ligue de l\u2019Enseignement :<br>Ligue 19 : Festival Acteurs Juniors<br>Ligue 32 : Tourn\u00e9e d\u00e9centralis\u00e9e sur 3 communes du Gers<br>Ligue 53 : Tourn\u00e9e d\u00e9centralis\u00e9e sur 3 communes de la Mayenne<br>l\u2019avant-Sc\u00e8ne \u00e0 Laval<br>Ligue 65 : Th\u00e9\u00e2tre des Nouveaut\u00e9s, Tarbes<br>Ligue 79 : Frontenay Rohan-Rohan<br>Ligue 66 : Tourn\u00e9e d\u00e9centralis\u00e9e sur 2 communes des Pyr\u00e9n\u00e9es Orientales<br>Th\u00e9\u00e2tre de Capendu (11)<br>Ev\u00e9n\u00e9ment \u00abLa Folle Journ\u00e9e\u00bb, Cie Chap de Lune, St Sauvant (86)<br>Th\u00e9\u00e2tre de L\u2019Escabeau, Briare (45)<br>La Quintaine, Chasseneuil du Poitou (86)<br>Espace Agapit, St Maixent (79)<br>Espace Matisse, Soyaux (16)<br>La Margelle, Civray (86)<br>Nacel Culture, Tauxigny St Bauld (37)<br>Programmation \u00abEmm\u00e8ne moi au spectacle\u00bb, Conseil d\u00e9partemental de la Charente (16)<br>Centre d\u2019animation de Poitiers Sud<br>La Maison de la Gibauderie, Poitiers<br>Le Local, Poitiers<br>Le Majestic, Neuville de Poitou (86)<br>Jazeneuil en f\u00eate (86)<br>L\u2019Et\u00e9 Anchent\u00e9, Anch\u00e9 (86)<br>Biblioth\u00e8que de Mignaloux-Beauvoir (86)<br>Association ALEPA, St Benoit (86)<br>La Pigouille \u00e0 Teurtous, Ar\u00e7ais (79)<br>Le TAC, Poitiers<br>Le Caf\u00e9 Cantine, Gen\u00e7ay (86)<br>Les \u00e9coles ou APE de Vivonne, Voulon, Romagne, Champagn\u00e9 St Hilaire, Blanzay (86)Le Comit\u00e9 des f\u00eates de Ceaux en Loudun (86)<\/p>\n\n\n\n<p style=\"font-size:11px\"><br><br><\/p>\n\n\n\n<p style=\"font-size:11px\"><\/p>\n\n\n\n<p style=\"font-size:11px\"><\/p>\n","protected":false},"excerpt":{"rendered":"<p>202621 f\u00e9vrier : \u00ab\u00a0La grande Ourse\u00a0\u00bb &#8211; festival \u00ab\u00a0Les Givr\u00e9s &#8211; Melle (79)12\/13 mars : \u00ab\u00a0La grande Ourse\u00a0\u00bb &#8211; Canet en Roussillon (66) en partenariat avec La Ligue de l&rsquo;Enseignement 6623 mai : \u00ab\u00a0La grande Ourse\u00a0\u00bb &#8211; Festival Dr\u00f4l&rsquo;Express &#8211; Azay le Br\u00fbl\u00e9 (79) 12 juin : \u00ab\u00a0La grande Ourse\u00a0\u00bb &#8211; Festival A l&rsquo;Ouest &#8211; &hellip; <\/p>\n<p class=\"link-more\"><a href=\"https:\/\/oscarfou.com\/?page_id=56\" class=\"more-link\">Continuer la lecture<span class=\"screen-reader-text\"> de &laquo;&nbsp;Calendrier&nbsp;&raquo;<\/span><\/a><\/p>\n","protected":false},"author":2,"featured_media":0,"parent":0,"menu_order":0,"comment_status":"closed","ping_status":"closed","template":"","meta":{"footnotes":""},"class_list":["post-56","page","type-page","status-publish","hentry"],"_links":{"self":[{"href":"https:\/\/oscarfou.com\/index.php?rest_route=\/wp\/v2\/pages\/56","targetHints":{"allow":["GET"]}}],"collection":[{"href":"https:\/\/oscarfou.com\/index.php?rest_route=\/wp\/v2\/pages"}],"about":[{"href":"https:\/\/oscarfou.com\/index.php?rest_route=\/wp\/v2\/types\/page"}],"author":[{"embeddable":true,"href":"https:\/\/oscarfou.com\/index.php?rest_route=\/wp\/v2\/users\/2"}],"replies":[{"embeddable":true,"href":"https:\/\/oscarfou.com\/index.php?rest_route=%2Fwp%2Fv2%2Fcomments&post=56"}],"version-history":[{"count":135,"href":"https:\/\/oscarfou.com\/index.php?rest_route=\/wp\/v2\/pages\/56\/revisions"}],"predecessor-version":[{"id":1226,"href":"https:\/\/oscarfou.com\/index.php?rest_route=\/wp\/v2\/pages\/56\/revisions\/1226"}],"wp:attachment":[{"href":"https:\/\/oscarfou.com\/index.php?rest_route=%2Fwp%2Fv2%2Fmedia&parent=56"}],"curies":[{"name":"wp","href":"https:\/\/api.w.org\/{rel}","templated":true}]}}