{"id":76,"date":"2019-06-10T16:18:20","date_gmt":"2019-06-10T15:18:20","guid":{"rendered":"https:\/\/oscarfouhome.wordpress.com\/?page_id=76"},"modified":"2024-04-15T20:06:28","modified_gmt":"2024-04-15T18:06:28","slug":"fiche-technique","status":"publish","type":"page","link":"https:\/\/oscarfou.com\/?page_id=76","title":{"rendered":"Infos pro"},"content":{"rendered":"\n<div class=\"wp-block-media-text alignwide is-stacked-on-mobile\" style=\"grid-template-columns:15% auto\"><figure class=\"wp-block-media-text__media\"><a href=\"https:\/\/youtu.be\/R_zD5X5MlPs\"><img loading=\"lazy\" decoding=\"async\" width=\"834\" height=\"1024\" src=\"http:\/\/oscarfou.com\/wp-content\/uploads\/2019\/07\/pot-834x1024.jpg\" alt=\"\" class=\"wp-image-220 size-full\" srcset=\"https:\/\/oscarfou.com\/wp-content\/uploads\/2019\/07\/pot-834x1024.jpg 834w, https:\/\/oscarfou.com\/wp-content\/uploads\/2019\/07\/pot-244x300.jpg 244w, https:\/\/oscarfou.com\/wp-content\/uploads\/2019\/07\/pot-768x943.jpg 768w, https:\/\/oscarfou.com\/wp-content\/uploads\/2019\/07\/pot.jpg 1457w\" sizes=\"auto, (max-width: 706px) 89vw, (max-width: 767px) 82vw, 740px\" \/><\/a><\/figure><div class=\"wp-block-media-text__content\">\n<p class=\"has-text-align-left\" style=\"font-size:12px\"><strong>FICHE TECHNIQUE :<\/strong><br>&#8211; Dur\u00e9e : 55 minutes.<br>&#8211; Spectacle en salle ou en ext\u00e9rieur.<br>&#8211; 5 personnes en tourn\u00e9e.<br>&#8211; Autonomie technique possible pour 150 personnes environ.<br>&#8211; Merci de nous consulter pour fixer la jauge.<br><br><strong>\u00a0\u00bb Chansons pour petites et grandes oreilles \u00ab\u00a0<\/strong> :<br><em><a rel=\"noreferrer noopener\" href=\"http:\/\/oscarfou.com\/wp-content\/uploads\/2024\/04\/FT-Salles-equipees-Chansons...pdf\" target=\"_blank\">T\u00e9l\u00e9charger la fiche technique pour salles \u00e9quip\u00e9es<\/a><\/em><br><em><a rel=\"noreferrer noopener\" href=\"http:\/\/oscarfou.com\/wp-content\/uploads\/2024\/04\/FT-Autonomie-Chansons...pdf\" target=\"_blank\">T\u00e9l\u00e9charger la fiche technique pour autonomie<\/a><\/em><br><em><a rel=\"noreferrer noopener\" href=\"http:\/\/oscarfou.com\/wp-content\/uploads\/2023\/02\/DossierOscarfou.pdf\" target=\"_blank\"><br><\/a><a rel=\"noreferrer noopener\" href=\"http:\/\/oscarfou.com\/wp-content\/uploads\/2023\/12\/DossierOscarfou.pdf\" target=\"_blank\">T\u00e9l\u00e9charger le dossier du spectacle<\/a><\/em><br><br><strong>\u00a0\u00bb La Grande Ourse \u00a0\u00bb :<\/strong><br><a href=\"http:\/\/oscarfou.com\/wp-content\/uploads\/2024\/04\/La-grande-Ourse-FT-salles-equipees.pdf\" target=\"_blank\" rel=\"noreferrer noopener\">T<em>\u00e9l\u00e9charger la fiche technique pour salles \u00e9quip\u00e9es<\/em><\/a><br><em><a rel=\"noreferrer noopener\" href=\"http:\/\/oscarfou.com\/wp-content\/uploads\/2024\/01\/Oscar-Fou-La-grande-Ourse-Fiche-technique-salle-autonomie.pdf\" target=\"_blank\">T\u00e9l\u00e9charger la fiche technique pour autonomie<\/a><\/em><br><em><a rel=\"noreferrer noopener\" href=\"http:\/\/oscarfou.com\/wp-content\/uploads\/2024\/01\/Oscar-Fou-La-grande-Ourse-Fiche-technique-exterieur.pdf\" target=\"_blank\">T\u00e9l\u00e9charger la fiche technique pour l&rsquo;ext\u00e9rieur<\/a><\/em><br><em><a rel=\"noreferrer noopener\" href=\"http:\/\/oscarfou.com\/wp-content\/uploads\/2023\/02\/DossierOscarfou.pdf\" target=\"_blank\"><br><\/a><a rel=\"noreferrer noopener\" href=\"http:\/\/oscarfou.com\/wp-content\/uploads\/2023\/11\/Dossier.pdf\" target=\"_blank\">T\u00e9l\u00e9charger le dossier du spectacle<\/a><\/em><br><br><\/p>\n<\/div><\/div>\n\n\n\n<figure class=\"wp-block-gallery columns-0 is-cropped wp-block-gallery-1 is-layout-flex wp-block-gallery-is-layout-flex\"><ul class=\"blocks-gallery-grid\"><\/ul><\/figure>\n\n\n\n<p><\/p>\n","protected":false},"excerpt":{"rendered":"<p>FICHE TECHNIQUE :&#8211; Dur\u00e9e : 55 minutes.&#8211; Spectacle en salle ou en ext\u00e9rieur.&#8211; 5 personnes en tourn\u00e9e.&#8211; Autonomie technique possible pour 150 personnes environ.&#8211; Merci de nous consulter pour fixer la jauge. \u00a0\u00bb Chansons pour petites et grandes oreilles \u00ab\u00a0 :T\u00e9l\u00e9charger la fiche technique pour salles \u00e9quip\u00e9esT\u00e9l\u00e9charger la fiche technique pour autonomieT\u00e9l\u00e9charger le dossier du &hellip; <\/p>\n<p class=\"link-more\"><a href=\"https:\/\/oscarfou.com\/?page_id=76\" class=\"more-link\">Continuer la lecture<span class=\"screen-reader-text\"> de &laquo;&nbsp;Infos pro&nbsp;&raquo;<\/span><\/a><\/p>\n","protected":false},"author":2,"featured_media":0,"parent":0,"menu_order":0,"comment_status":"closed","ping_status":"closed","template":"","meta":{"footnotes":""},"class_list":["post-76","page","type-page","status-publish","hentry"],"_links":{"self":[{"href":"https:\/\/oscarfou.com\/index.php?rest_route=\/wp\/v2\/pages\/76","targetHints":{"allow":["GET"]}}],"collection":[{"href":"https:\/\/oscarfou.com\/index.php?rest_route=\/wp\/v2\/pages"}],"about":[{"href":"https:\/\/oscarfou.com\/index.php?rest_route=\/wp\/v2\/types\/page"}],"author":[{"embeddable":true,"href":"https:\/\/oscarfou.com\/index.php?rest_route=\/wp\/v2\/users\/2"}],"replies":[{"embeddable":true,"href":"https:\/\/oscarfou.com\/index.php?rest_route=%2Fwp%2Fv2%2Fcomments&post=76"}],"version-history":[{"count":98,"href":"https:\/\/oscarfou.com\/index.php?rest_route=\/wp\/v2\/pages\/76\/revisions"}],"predecessor-version":[{"id":1155,"href":"https:\/\/oscarfou.com\/index.php?rest_route=\/wp\/v2\/pages\/76\/revisions\/1155"}],"wp:attachment":[{"href":"https:\/\/oscarfou.com\/index.php?rest_route=%2Fwp%2Fv2%2Fmedia&parent=76"}],"curies":[{"name":"wp","href":"https:\/\/api.w.org\/{rel}","templated":true}]}}